{"id":1643,"date":"2024-06-07T16:57:36","date_gmt":"2024-06-07T14:57:36","guid":{"rendered":"https:\/\/reivaxmaquinas.com\/nouveaux-projets\/"},"modified":"2024-10-09T17:43:43","modified_gmt":"2024-10-09T15:43:43","slug":"nouveaux-projets","status":"publish","type":"page","link":"https:\/\/reivaxmaquinas.com\/fr\/nouveaux-projets\/","title":{"rendered":"Nouveaux projets"},"content":{"rendered":"\t\t<div data-elementor-type=\"wp-page\" data-elementor-id=\"1643\" class=\"elementor elementor-1643 elementor-112\" data-elementor-post-type=\"page\">\n\t\t\t\t\t\t<section class=\"elementor-section elementor-top-section elementor-element elementor-element-d2ac68b elementor-section-height-min-height elementor-section-boxed elementor-section-height-default elementor-section-items-middle\" data-id=\"d2ac68b\" data-element_type=\"section\" data-settings=\"{&quot;background_background&quot;:&quot;classic&quot;}\">\n\t\t\t\t\t\t\t<div class=\"elementor-background-overlay\"><\/div>\n\t\t\t\t\t\t\t<div class=\"elementor-container elementor-column-gap-default\">\n\t\t\t\t\t<div class=\"elementor-column elementor-col-100 elementor-top-column elementor-element elementor-element-8cc4f69\" data-id=\"8cc4f69\" data-element_type=\"column\">\n\t\t\t<div class=\"elementor-widget-wrap elementor-element-populated\">\n\t\t\t\t\t\t<div class=\"elementor-element elementor-element-d34b931 elementor-widget__width-auto elementor-invisible elementor-widget elementor-widget-heading\" data-id=\"d34b931\" data-element_type=\"widget\" data-settings=\"{&quot;_animation&quot;:&quot;fadeInLeft&quot;}\" data-widget_type=\"heading.default\">\n\t\t\t\t<div class=\"elementor-widget-container\">\n\t\t\t\t\t<h1 class=\"elementor-heading-title elementor-size-default\">NOUVEAUX PROJETS<\/h1>\t\t\t\t<\/div>\n\t\t\t\t<\/div>\n\t\t\t\t<div class=\"elementor-element elementor-element-d564991 elementor-invisible elementor-widget elementor-widget-text-editor\" data-id=\"d564991\" data-element_type=\"widget\" data-settings=\"{&quot;_animation&quot;:&quot;fadeIn&quot;,&quot;_animation_delay&quot;:1080}\" data-widget_type=\"text-editor.default\">\n\t\t\t\t<div class=\"elementor-widget-container\">\n\t\t\t\t\t\t\t\t\t<p>Fabrication de machines pour la d\u00e9formation de tous types de fils<\/p>\n\t\t\t\t\t\t\t\t<\/div>\n\t\t\t\t<\/div>\n\t\t\t\t\t<\/div>\n\t\t<\/div>\n\t\t\t\t\t<\/div>\n\t\t<\/section>\n\t\t\t\t<section class=\"elementor-section elementor-top-section elementor-element elementor-element-3e16ff6 elementor-section-boxed elementor-section-height-default elementor-section-height-default\" data-id=\"3e16ff6\" data-element_type=\"section\">\n\t\t\t\t\t\t<div class=\"elementor-container elementor-column-gap-default\">\n\t\t\t\t\t<div class=\"elementor-column elementor-col-100 elementor-top-column elementor-element elementor-element-507fc66\" data-id=\"507fc66\" data-element_type=\"column\">\n\t\t\t<div class=\"elementor-widget-wrap elementor-element-populated\">\n\t\t\t\t\t\t<section class=\"elementor-section elementor-inner-section elementor-element elementor-element-a245f99 elementor-section-boxed elementor-section-height-default elementor-section-height-default\" data-id=\"a245f99\" data-element_type=\"section\">\n\t\t\t\t\t\t<div class=\"elementor-container elementor-column-gap-default\">\n\t\t\t\t\t<div class=\"elementor-column elementor-col-100 elementor-inner-column elementor-element elementor-element-dbc8d85\" data-id=\"dbc8d85\" data-element_type=\"column\">\n\t\t\t<div class=\"elementor-widget-wrap elementor-element-populated\">\n\t\t\t\t\t\t<div class=\"elementor-element elementor-element-3218e0c elementor-invisible elementor-widget elementor-widget-text-editor\" data-id=\"3218e0c\" data-element_type=\"widget\" data-settings=\"{&quot;_animation&quot;:&quot;fadeInRight&quot;}\" data-widget_type=\"text-editor.default\">\n\t\t\t\t<div class=\"elementor-widget-container\">\n\t\t\t\t\t\t\t\t\t<p>Nous sommes sp\u00e9cialis\u00e9s dans la conception et la fabrication de machines pour la d\u00e9formation de tous types de fils. Nous utilisons des mat\u00e9riaux de haute qualit\u00e9 qui garantissent la durabilit\u00e9 et la pr\u00e9cision de nos machines.<\/p>\n<p>Pour vous offrir la solution industrielle parfaite, nous avons besoin des informations suivantes :<\/p>\n\t\t\t\t\t\t\t\t<\/div>\n\t\t\t\t<\/div>\n\t\t\t\t<div class=\"elementor-element elementor-element-26a5ff3 elementor-icon-list--layout-inline elementor-list-item-link-full_width elementor-widget elementor-widget-icon-list\" data-id=\"26a5ff3\" data-element_type=\"widget\" data-widget_type=\"icon-list.default\">\n\t\t\t\t<div class=\"elementor-widget-container\">\n\t\t\t\t\t\t\t<ul class=\"elementor-icon-list-items elementor-inline-items\">\n\t\t\t\t\t\t\t<li class=\"elementor-icon-list-item elementor-inline-item\">\n\t\t\t\t\t\t\t\t\t\t\t<span class=\"elementor-icon-list-icon\">\n\t\t\t\t\t\t\t<svg aria-hidden=\"true\" class=\"e-font-icon-svg e-fas-check\" viewBox=\"0 0 512 512\" xmlns=\"http:\/\/www.w3.org\/2000\/svg\"><path d=\"M173.898 439.404l-166.4-166.4c-9.997-9.997-9.997-26.206 0-36.204l36.203-36.204c9.997-9.998 26.207-9.998 36.204 0L192 312.69 432.095 72.596c9.997-9.997 26.207-9.997 36.204 0l36.203 36.204c9.997 9.997 9.997 26.206 0 36.204l-294.4 294.401c-9.998 9.997-26.207 9.997-36.204-.001z\"><\/path><\/svg>\t\t\t\t\t\t<\/span>\n\t\t\t\t\t\t\t\t\t\t<span class=\"elementor-icon-list-text\">Type de mat\u00e9riau du fil et sa composition<\/span>\n\t\t\t\t\t\t\t\t\t<\/li>\n\t\t\t\t\t\t\t\t<li class=\"elementor-icon-list-item elementor-inline-item\">\n\t\t\t\t\t\t\t\t\t\t\t<span class=\"elementor-icon-list-icon\">\n\t\t\t\t\t\t\t<svg aria-hidden=\"true\" class=\"e-font-icon-svg e-fas-check\" viewBox=\"0 0 512 512\" xmlns=\"http:\/\/www.w3.org\/2000\/svg\"><path d=\"M173.898 439.404l-166.4-166.4c-9.997-9.997-9.997-26.206 0-36.204l36.203-36.204c9.997-9.998 26.207-9.998 36.204 0L192 312.69 432.095 72.596c9.997-9.997 26.207-9.997 36.204 0l36.203 36.204c9.997 9.997 9.997 26.206 0 36.204l-294.4 294.401c-9.998 9.997-26.207 9.997-36.204-.001z\"><\/path><\/svg>\t\t\t\t\t\t<\/span>\n\t\t\t\t\t\t\t\t\t\t<span class=\"elementor-icon-list-text\">R\u00e9sistance du fil<\/span>\n\t\t\t\t\t\t\t\t\t<\/li>\n\t\t\t\t\t\t\t\t<li class=\"elementor-icon-list-item elementor-inline-item\">\n\t\t\t\t\t\t\t\t\t\t\t<span class=\"elementor-icon-list-icon\">\n\t\t\t\t\t\t\t<svg aria-hidden=\"true\" class=\"e-font-icon-svg e-fas-check\" viewBox=\"0 0 512 512\" xmlns=\"http:\/\/www.w3.org\/2000\/svg\"><path d=\"M173.898 439.404l-166.4-166.4c-9.997-9.997-9.997-26.206 0-36.204l36.203-36.204c9.997-9.998 26.207-9.998 36.204 0L192 312.69 432.095 72.596c9.997-9.997 26.207-9.997 36.204 0l36.203 36.204c9.997 9.997 9.997 26.206 0 36.204l-294.4 294.401c-9.998 9.997-26.207 9.997-36.204-.001z\"><\/path><\/svg>\t\t\t\t\t\t<\/span>\n\t\t\t\t\t\t\t\t\t\t<span class=\"elementor-icon-list-text\">Diam\u00e8tre du fil<\/span>\n\t\t\t\t\t\t\t\t\t<\/li>\n\t\t\t\t\t\t\t\t<li class=\"elementor-icon-list-item elementor-inline-item\">\n\t\t\t\t\t\t\t\t\t\t\t<span class=\"elementor-icon-list-icon\">\n\t\t\t\t\t\t\t<svg aria-hidden=\"true\" class=\"e-font-icon-svg e-fas-check\" viewBox=\"0 0 512 512\" xmlns=\"http:\/\/www.w3.org\/2000\/svg\"><path d=\"M173.898 439.404l-166.4-166.4c-9.997-9.997-9.997-26.206 0-36.204l36.203-36.204c9.997-9.998 26.207-9.998 36.204 0L192 312.69 432.095 72.596c9.997-9.997 26.207-9.997 36.204 0l36.203 36.204c9.997 9.997 9.997 26.206 0 36.204l-294.4 294.401c-9.998 9.997-26.207 9.997-36.204-.001z\"><\/path><\/svg>\t\t\t\t\t\t<\/span>\n\t\t\t\t\t\t\t\t\t\t<span class=\"elementor-icon-list-text\">Tolerances<\/span>\n\t\t\t\t\t\t\t\t\t<\/li>\n\t\t\t\t\t\t\t\t<li class=\"elementor-icon-list-item elementor-inline-item\">\n\t\t\t\t\t\t\t\t\t\t\t<span class=\"elementor-icon-list-icon\">\n\t\t\t\t\t\t\t<svg aria-hidden=\"true\" class=\"e-font-icon-svg e-fas-check\" viewBox=\"0 0 512 512\" xmlns=\"http:\/\/www.w3.org\/2000\/svg\"><path d=\"M173.898 439.404l-166.4-166.4c-9.997-9.997-9.997-26.206 0-36.204l36.203-36.204c9.997-9.998 26.207-9.998 36.204 0L192 312.69 432.095 72.596c9.997-9.997 26.207-9.997 36.204 0l36.203 36.204c9.997 9.997 9.997 26.206 0 36.204l-294.4 294.401c-9.998 9.997-26.207 9.997-36.204-.001z\"><\/path><\/svg>\t\t\t\t\t\t<\/span>\n\t\t\t\t\t\t\t\t\t\t<span class=\"elementor-icon-list-text\">Productivit\u00e9 souhait\u00e9e par heure<\/span>\n\t\t\t\t\t\t\t\t\t<\/li>\n\t\t\t\t\t\t<\/ul>\n\t\t\t\t\t\t<\/div>\n\t\t\t\t<\/div>\n\t\t\t\t<div class=\"elementor-element elementor-element-5933929 elementor-invisible elementor-widget elementor-widget-text-editor\" data-id=\"5933929\" data-element_type=\"widget\" data-settings=\"{&quot;_animation&quot;:&quot;fadeInRight&quot;}\" data-widget_type=\"text-editor.default\">\n\t\t\t\t<div class=\"elementor-widget-container\">\n\t\t\t\t\t\t\t\t\t<p>Veuillez nous fournir une fiche technique ou un plan de chaque produit ou pi\u00e8ce que vous souhaitez traiter. Nous d\u00e9velopperons une machine personnalis\u00e9e r\u00e9pondant \u00e0 tous vos besoins. Nous nous engageons \u00e0 fournir des solutions efficaces et de haute qualit\u00e9 pour optimiser vos processus de production.<\/p>\n\t\t\t\t\t\t\t\t<\/div>\n\t\t\t\t<\/div>\n\t\t\t\t<div class=\"elementor-element elementor-element-9e129bc elementor-button-align-stretch elementor-widget elementor-widget-form\" data-id=\"9e129bc\" data-element_type=\"widget\" data-settings=\"{&quot;step_next_label&quot;:&quot;Next&quot;,&quot;step_previous_label&quot;:&quot;Previous&quot;,&quot;button_width&quot;:&quot;100&quot;,&quot;step_type&quot;:&quot;number_text&quot;,&quot;step_icon_shape&quot;:&quot;circle&quot;}\" data-widget_type=\"form.default\">\n\t\t\t\t<div class=\"elementor-widget-container\">\n\t\t\t\t\t\t\t<form class=\"elementor-form\" method=\"post\" name=\"Formulaire de demande de devis\" aria-label=\"Formulaire de demande de devis\">\n\t\t\t<input type=\"hidden\" name=\"post_id\" value=\"1643\"\/>\n\t\t\t<input type=\"hidden\" name=\"form_id\" value=\"9e129bc\"\/>\n\t\t\t<input type=\"hidden\" name=\"referer_title\" value=\"REIVAX MAQUINAS\" \/>\n\n\t\t\t\n\t\t\t<div class=\"elementor-form-fields-wrapper elementor-labels-above\">\n\t\t\t\t\t\t\t\t<div class=\"elementor-field-type-text elementor-field-group elementor-column elementor-field-group-name elementor-col-50 elementor-field-required elementor-mark-required\">\n\t\t\t\t\t\t\t\t\t\t\t\t<label for=\"form-field-name\" class=\"elementor-field-label\">\n\t\t\t\t\t\t\t\tSociet\u00e9\t\t\t\t\t\t\t<\/label>\n\t\t\t\t\t\t\t\t\t\t\t\t\t\t<input size=\"1\" type=\"text\" name=\"form_fields[name]\" id=\"form-field-name\" class=\"elementor-field elementor-size-sm  elementor-field-textual\" required=\"required\">\n\t\t\t\t\t\t\t\t\t\t\t<\/div>\n\t\t\t\t\t\t\t\t<div class=\"elementor-field-type-text elementor-field-group elementor-column elementor-field-group-email elementor-col-50 elementor-field-required elementor-mark-required\">\n\t\t\t\t\t\t\t\t\t\t\t\t<label for=\"form-field-email\" class=\"elementor-field-label\">\n\t\t\t\t\t\t\t\tActivit\u00e9\t\t\t\t\t\t\t<\/label>\n\t\t\t\t\t\t\t\t\t\t\t\t\t\t<input size=\"1\" type=\"text\" name=\"form_fields[email]\" id=\"form-field-email\" class=\"elementor-field elementor-size-sm  elementor-field-textual\" required=\"required\">\n\t\t\t\t\t\t\t\t\t\t\t<\/div>\n\t\t\t\t\t\t\t\t<div class=\"elementor-field-type-text elementor-field-group elementor-column elementor-field-group-field_793bfbc elementor-col-50 elementor-field-required elementor-mark-required\">\n\t\t\t\t\t\t\t\t\t\t\t\t<label for=\"form-field-field_793bfbc\" class=\"elementor-field-label\">\n\t\t\t\t\t\t\t\tPersonne \u00e0 contacter\t\t\t\t\t\t\t<\/label>\n\t\t\t\t\t\t\t\t\t\t\t\t\t\t<input size=\"1\" type=\"text\" name=\"form_fields[field_793bfbc]\" id=\"form-field-field_793bfbc\" class=\"elementor-field elementor-size-sm  elementor-field-textual\" required=\"required\">\n\t\t\t\t\t\t\t\t\t\t\t<\/div>\n\t\t\t\t\t\t\t\t<div class=\"elementor-field-type-text elementor-field-group elementor-column elementor-field-group-field_cec372c elementor-col-50 elementor-field-required elementor-mark-required\">\n\t\t\t\t\t\t\t\t\t\t\t\t<label for=\"form-field-field_cec372c\" class=\"elementor-field-label\">\n\t\t\t\t\t\t\t\tPays et ville\t\t\t\t\t\t\t<\/label>\n\t\t\t\t\t\t\t\t\t\t\t\t\t\t<input size=\"1\" type=\"text\" name=\"form_fields[field_cec372c]\" id=\"form-field-field_cec372c\" class=\"elementor-field elementor-size-sm  elementor-field-textual\" required=\"required\">\n\t\t\t\t\t\t\t\t\t\t\t<\/div>\n\t\t\t\t\t\t\t\t<div class=\"elementor-field-type-text elementor-field-group elementor-column elementor-field-group-field_2bd7be9 elementor-col-100 elementor-field-required elementor-mark-required\">\n\t\t\t\t\t\t\t\t\t\t\t\t<label for=\"form-field-field_2bd7be9\" class=\"elementor-field-label\">\n\t\t\t\t\t\t\t\tE-mail\t\t\t\t\t\t\t<\/label>\n\t\t\t\t\t\t\t\t\t\t\t\t\t\t<input size=\"1\" type=\"text\" name=\"form_fields[field_2bd7be9]\" id=\"form-field-field_2bd7be9\" class=\"elementor-field elementor-size-sm  elementor-field-textual\" required=\"required\">\n\t\t\t\t\t\t\t\t\t\t\t<\/div>\n\t\t\t\t\t\t\t\t<div class=\"elementor-field-type-tel elementor-field-group elementor-column elementor-field-group-field_aa02263 elementor-col-50 elementor-field-required elementor-mark-required\">\n\t\t\t\t\t\t\t\t\t\t\t\t<label for=\"form-field-field_aa02263\" class=\"elementor-field-label\">\n\t\t\t\t\t\t\t\tT\u00e9l\u00e9phone\t\t\t\t\t\t\t<\/label>\n\t\t\t\t\t\t\t\t<input size=\"1\" type=\"tel\" name=\"form_fields[field_aa02263]\" id=\"form-field-field_aa02263\" class=\"elementor-field elementor-size-sm  elementor-field-textual\" required=\"required\" pattern=\"[0-9()#&amp;+*-=.]+\" title=\"Only numbers and phone characters (#, -, *, etc) are accepted.\">\n\n\t\t\t\t\t\t<\/div>\n\t\t\t\t\t\t\t\t<div class=\"elementor-field-type-url elementor-field-group elementor-column elementor-field-group-field_9f40d23 elementor-col-50 elementor-field-required elementor-mark-required\">\n\t\t\t\t\t\t\t\t\t\t\t\t<label for=\"form-field-field_9f40d23\" class=\"elementor-field-label\">\n\t\t\t\t\t\t\t\tWeb\t\t\t\t\t\t\t<\/label>\n\t\t\t\t\t\t\t\t\t\t\t\t\t\t<input size=\"1\" type=\"url\" name=\"form_fields[field_9f40d23]\" id=\"form-field-field_9f40d23\" class=\"elementor-field elementor-size-sm  elementor-field-textual\" required=\"required\">\n\t\t\t\t\t\t\t\t\t\t\t<\/div>\n\t\t\t\t\t\t\t\t<div class=\"elementor-field-type-textarea elementor-field-group elementor-column elementor-field-group-field_330e4d0 elementor-col-100\">\n\t\t\t\t\t\t\t\t\t\t\t\t<label for=\"form-field-field_330e4d0\" class=\"elementor-field-label\">\n\t\t\t\t\t\t\t\tObservations : Informations sur le type de pi\u00e8ces, diam\u00e8tre, mat\u00e9riau, production mensuelle, envoi de plans, etc.\t\t\t\t\t\t\t<\/label>\n\t\t\t\t\t\t<textarea class=\"elementor-field-textual elementor-field  elementor-size-sm\" name=\"form_fields[field_330e4d0]\" id=\"form-field-field_330e4d0\" rows=\"4\"><\/textarea>\t\t\t\t<\/div>\n\t\t\t\t\t\t\t\t<div class=\"elementor-field-type-upload elementor-field-group elementor-column elementor-field-group-field_936f214 elementor-col-100\">\n\t\t\t\t\t\t\t\t\t\t\t\t<label for=\"form-field-field_936f214\" class=\"elementor-field-label\">\n\t\t\t\t\t\t\t\tJoindre tout type de documentation\t\t\t\t\t\t\t<\/label>\n\t\t\t\t\t\t\t\t<input type=\"file\" name=\"form_fields[field_936f214]\" id=\"form-field-field_936f214\" class=\"elementor-field elementor-size-sm  elementor-upload-field\" data-maxsize=\"16\" data-maxsize-message=\"This file exceeds the maximum allowed size.\">\n\n\t\t\t\t\t\t<\/div>\n\t\t\t\t\t\t\t\t<div class=\"elementor-field-type-acceptance elementor-field-group elementor-column elementor-field-group-field_873a42a elementor-col-100 elementor-field-required elementor-mark-required\">\n\t\t\t\t\t\t\t<div class=\"elementor-field-subgroup\">\n\t\t\t<span class=\"elementor-field-option\">\n\t\t\t\t<input type=\"checkbox\" name=\"form_fields[field_873a42a]\" id=\"form-field-field_873a42a\" class=\"elementor-field elementor-size-sm  elementor-acceptance-field\" required=\"required\">\n\t\t\t\t<label for=\"form-field-field_873a42a\">I have read and accept the <a href=\"https:\/\/reivaxmaquinas.com\/fr\/politique-de-confidentialite\/\">privacy policy<\/a><\/label>\t\t\t<\/span>\n\t\t<\/div>\n\t\t\t\t\t\t<\/div>\n\t\t\t\t\t\t\t\t<div class=\"elementor-field-type-recaptcha_v3 elementor-field-group elementor-column elementor-field-group-field_1fac6ca elementor-col-100 recaptcha_v3-bottomright\">\n\t\t\t\t\t<div class=\"elementor-field\" id=\"form-field-field_1fac6ca\"><div class=\"elementor-g-recaptcha\" data-sitekey=\"6Ldwc_MpAAAAAOCP_9FPD_VeAKt818wMNuaG1Fmi\" data-type=\"v3\" data-action=\"Form\" data-badge=\"bottomright\" data-size=\"invisible\"><\/div><\/div>\t\t\t\t<\/div>\n\t\t\t\t\t\t\t\t<div class=\"elementor-field-group elementor-column elementor-field-type-submit elementor-col-100 e-form__buttons\">\n\t\t\t\t\t<button class=\"elementor-button elementor-size-sm\" type=\"submit\">\n\t\t\t\t\t\t<span class=\"elementor-button-content-wrapper\">\n\t\t\t\t\t\t\t\t\t\t\t\t\t\t\t\t\t\t\t\t\t\t<span class=\"elementor-button-text\">Envoyer<\/span>\n\t\t\t\t\t\t\t\t\t\t\t\t\t<\/span>\n\t\t\t\t\t<\/button>\n\t\t\t\t<\/div>\n\t\t\t<\/div>\n\t\t<\/form>\n\t\t\t\t\t\t<\/div>\n\t\t\t\t<\/div>\n\t\t\t\t\t<\/div>\n\t\t<\/div>\n\t\t\t\t\t<\/div>\n\t\t<\/section>\n\t\t\t\t\t<\/div>\n\t\t<\/div>\n\t\t\t\t\t<\/div>\n\t\t<\/section>\n\t\t\t\t<\/div>\n\t\t","protected":false},"excerpt":{"rendered":"<p>NOUVEAUX PROJETS Fabrication de machines pour la d\u00e9formation de tous types de fils Nous sommes sp\u00e9cialis\u00e9s dans la conception et la fabrication de machines pour la d\u00e9formation de tous types de fils. Nous utilisons des mat\u00e9riaux de haute qualit\u00e9 qui garantissent la durabilit\u00e9 et la pr\u00e9cision de nos machines. Pour vous offrir la solution industrielle [&hellip;]<\/p>\n","protected":false},"author":1,"featured_media":0,"parent":0,"menu_order":0,"comment_status":"closed","ping_status":"closed","template":"elementor_header_footer","meta":{"inline_featured_image":false,"_joinchat":[],"footnotes":""},"class_list":["post-1643","page","type-page","status-publish","hentry"],"yoast_head":"<!-- This site is optimized with the Yoast SEO Premium plugin v26.7 (Yoast SEO v26.7) - https:\/\/yoast.com\/wordpress\/plugins\/seo\/ -->\n<title>Machines sur mesure pour d\u00e9former tout type de fil<\/title>\n<meta name=\"description\" content=\"Nous sommes sp\u00e9cialis\u00e9s dans la conception et la fabrication de machines pour la d\u00e9formation de tout type de fil.\" \/>\n<meta name=\"robots\" content=\"index, follow, max-snippet:-1, max-image-preview:large, max-video-preview:-1\" \/>\n<link rel=\"canonical\" href=\"https:\/\/reivaxmaquinas.com\/nuevos-proyectos\/\" \/>\n<meta property=\"og:locale\" content=\"fr_FR\" \/>\n<meta property=\"og:type\" content=\"article\" \/>\n<meta property=\"og:title\" content=\"Nouveaux projets\" \/>\n<meta property=\"og:description\" content=\"Nous sommes sp\u00e9cialis\u00e9s dans la conception et la fabrication de machines pour la d\u00e9formation de tout type de fil.\" \/>\n<meta property=\"og:url\" content=\"https:\/\/reivaxmaquinas.com\/nuevos-proyectos\/\" \/>\n<meta property=\"og:site_name\" content=\"REIVAX MAQUINAS\" \/>\n<meta property=\"article:modified_time\" content=\"2024-10-09T15:43:43+00:00\" \/>\n<meta name=\"twitter:card\" content=\"summary_large_image\" \/>\n<meta name=\"twitter:label1\" content=\"Dur\u00e9e de lecture estim\u00e9e\" \/>\n\t<meta name=\"twitter:data1\" content=\"1 minute\" \/>\n<script type=\"application\/ld+json\" class=\"yoast-schema-graph\">{\"@context\":\"https:\/\/schema.org\",\"@graph\":[{\"@type\":\"WebPage\",\"@id\":\"https:\/\/reivaxmaquinas.com\/nuevos-proyectos\/\",\"url\":\"https:\/\/reivaxmaquinas.com\/nuevos-proyectos\/\",\"name\":\"Machines sur mesure pour d\u00e9former tout type de fil\",\"isPartOf\":{\"@id\":\"https:\/\/reivaxmaquinas.com\/#website\"},\"datePublished\":\"2024-06-07T14:57:36+00:00\",\"dateModified\":\"2024-10-09T15:43:43+00:00\",\"description\":\"Nous sommes sp\u00e9cialis\u00e9s dans la conception et la fabrication de machines pour la d\u00e9formation de tout type de fil.\",\"breadcrumb\":{\"@id\":\"https:\/\/reivaxmaquinas.com\/nuevos-proyectos\/#breadcrumb\"},\"inLanguage\":\"fr-FR\",\"potentialAction\":[{\"@type\":\"ReadAction\",\"target\":[\"https:\/\/reivaxmaquinas.com\/nuevos-proyectos\/\"]}]},{\"@type\":\"BreadcrumbList\",\"@id\":\"https:\/\/reivaxmaquinas.com\/nuevos-proyectos\/#breadcrumb\",\"itemListElement\":[{\"@type\":\"ListItem\",\"position\":1,\"name\":\"Portada\",\"item\":\"https:\/\/reivaxmaquinas.com\/\"},{\"@type\":\"ListItem\",\"position\":2,\"name\":\"Nouveaux projets\"}]},{\"@type\":\"WebSite\",\"@id\":\"https:\/\/reivaxmaquinas.com\/#website\",\"url\":\"https:\/\/reivaxmaquinas.com\/\",\"name\":\"REIVAX MAQUINAS\",\"description\":\"\",\"publisher\":{\"@id\":\"https:\/\/reivaxmaquinas.com\/#organization\"},\"potentialAction\":[{\"@type\":\"SearchAction\",\"target\":{\"@type\":\"EntryPoint\",\"urlTemplate\":\"https:\/\/reivaxmaquinas.com\/?s={search_term_string}\"},\"query-input\":{\"@type\":\"PropertyValueSpecification\",\"valueRequired\":true,\"valueName\":\"search_term_string\"}}],\"inLanguage\":\"fr-FR\"},{\"@type\":\"Organization\",\"@id\":\"https:\/\/reivaxmaquinas.com\/#organization\",\"name\":\"REIVAX MAQUINAS\",\"url\":\"https:\/\/reivaxmaquinas.com\/\",\"logo\":{\"@type\":\"ImageObject\",\"inLanguage\":\"fr-FR\",\"@id\":\"https:\/\/reivaxmaquinas.com\/#\/schema\/logo\/image\/\",\"url\":\"https:\/\/reivaxmaquinas.com\/wp-content\/uploads\/2024\/05\/LOGO_REIVAX_MAQUINAS_ESPANOL-removebg-preview-1.png\",\"contentUrl\":\"https:\/\/reivaxmaquinas.com\/wp-content\/uploads\/2024\/05\/LOGO_REIVAX_MAQUINAS_ESPANOL-removebg-preview-1.png\",\"width\":947,\"height\":263,\"caption\":\"REIVAX MAQUINAS\"},\"image\":{\"@id\":\"https:\/\/reivaxmaquinas.com\/#\/schema\/logo\/image\/\"}}]}<\/script>\n<!-- \/ Yoast SEO Premium plugin. -->","yoast_head_json":{"title":"Machines sur mesure pour d\u00e9former tout type de fil","description":"Nous sommes sp\u00e9cialis\u00e9s dans la conception et la fabrication de machines pour la d\u00e9formation de tout type de fil.","robots":{"index":"index","follow":"follow","max-snippet":"max-snippet:-1","max-image-preview":"max-image-preview:large","max-video-preview":"max-video-preview:-1"},"canonical":"https:\/\/reivaxmaquinas.com\/nuevos-proyectos\/","og_locale":"fr_FR","og_type":"article","og_title":"Nouveaux projets","og_description":"Nous sommes sp\u00e9cialis\u00e9s dans la conception et la fabrication de machines pour la d\u00e9formation de tout type de fil.","og_url":"https:\/\/reivaxmaquinas.com\/nuevos-proyectos\/","og_site_name":"REIVAX MAQUINAS","article_modified_time":"2024-10-09T15:43:43+00:00","twitter_card":"summary_large_image","twitter_misc":{"Dur\u00e9e de lecture estim\u00e9e":"1 minute"},"schema":{"@context":"https:\/\/schema.org","@graph":[{"@type":"WebPage","@id":"https:\/\/reivaxmaquinas.com\/nuevos-proyectos\/","url":"https:\/\/reivaxmaquinas.com\/nuevos-proyectos\/","name":"Machines sur mesure pour d\u00e9former tout type de fil","isPartOf":{"@id":"https:\/\/reivaxmaquinas.com\/#website"},"datePublished":"2024-06-07T14:57:36+00:00","dateModified":"2024-10-09T15:43:43+00:00","description":"Nous sommes sp\u00e9cialis\u00e9s dans la conception et la fabrication de machines pour la d\u00e9formation de tout type de fil.","breadcrumb":{"@id":"https:\/\/reivaxmaquinas.com\/nuevos-proyectos\/#breadcrumb"},"inLanguage":"fr-FR","potentialAction":[{"@type":"ReadAction","target":["https:\/\/reivaxmaquinas.com\/nuevos-proyectos\/"]}]},{"@type":"BreadcrumbList","@id":"https:\/\/reivaxmaquinas.com\/nuevos-proyectos\/#breadcrumb","itemListElement":[{"@type":"ListItem","position":1,"name":"Portada","item":"https:\/\/reivaxmaquinas.com\/"},{"@type":"ListItem","position":2,"name":"Nouveaux projets"}]},{"@type":"WebSite","@id":"https:\/\/reivaxmaquinas.com\/#website","url":"https:\/\/reivaxmaquinas.com\/","name":"REIVAX MAQUINAS","description":"","publisher":{"@id":"https:\/\/reivaxmaquinas.com\/#organization"},"potentialAction":[{"@type":"SearchAction","target":{"@type":"EntryPoint","urlTemplate":"https:\/\/reivaxmaquinas.com\/?s={search_term_string}"},"query-input":{"@type":"PropertyValueSpecification","valueRequired":true,"valueName":"search_term_string"}}],"inLanguage":"fr-FR"},{"@type":"Organization","@id":"https:\/\/reivaxmaquinas.com\/#organization","name":"REIVAX MAQUINAS","url":"https:\/\/reivaxmaquinas.com\/","logo":{"@type":"ImageObject","inLanguage":"fr-FR","@id":"https:\/\/reivaxmaquinas.com\/#\/schema\/logo\/image\/","url":"https:\/\/reivaxmaquinas.com\/wp-content\/uploads\/2024\/05\/LOGO_REIVAX_MAQUINAS_ESPANOL-removebg-preview-1.png","contentUrl":"https:\/\/reivaxmaquinas.com\/wp-content\/uploads\/2024\/05\/LOGO_REIVAX_MAQUINAS_ESPANOL-removebg-preview-1.png","width":947,"height":263,"caption":"REIVAX MAQUINAS"},"image":{"@id":"https:\/\/reivaxmaquinas.com\/#\/schema\/logo\/image\/"}}]}},"_links":{"self":[{"href":"https:\/\/reivaxmaquinas.com\/fr\/wp-json\/wp\/v2\/pages\/1643","targetHints":{"allow":["GET"]}}],"collection":[{"href":"https:\/\/reivaxmaquinas.com\/fr\/wp-json\/wp\/v2\/pages"}],"about":[{"href":"https:\/\/reivaxmaquinas.com\/fr\/wp-json\/wp\/v2\/types\/page"}],"author":[{"embeddable":true,"href":"https:\/\/reivaxmaquinas.com\/fr\/wp-json\/wp\/v2\/users\/1"}],"replies":[{"embeddable":true,"href":"https:\/\/reivaxmaquinas.com\/fr\/wp-json\/wp\/v2\/comments?post=1643"}],"version-history":[{"count":2,"href":"https:\/\/reivaxmaquinas.com\/fr\/wp-json\/wp\/v2\/pages\/1643\/revisions"}],"predecessor-version":[{"id":1867,"href":"https:\/\/reivaxmaquinas.com\/fr\/wp-json\/wp\/v2\/pages\/1643\/revisions\/1867"}],"wp:attachment":[{"href":"https:\/\/reivaxmaquinas.com\/fr\/wp-json\/wp\/v2\/media?parent=1643"}],"curies":[{"name":"wp","href":"https:\/\/api.w.org\/{rel}","templated":true}]}}