{"id":1599,"date":"2024-06-27T11:27:05","date_gmt":"2024-06-27T09:27:05","guid":{"rendered":"https:\/\/reivaxmaquinas.com\/nos-machines\/machines-automatiques-a-rouleaux-de-peinture\/"},"modified":"2024-07-11T09:43:04","modified_gmt":"2024-07-11T07:43:04","slug":"machines-automatiques-a-rouleaux-de-peinture","status":"publish","type":"page","link":"https:\/\/reivaxmaquinas.com\/fr\/nos-machines\/machines-automatiques-a-rouleaux-de-peinture\/","title":{"rendered":"Machines automatiques \u00e0 rouleaux de peinture"},"content":{"rendered":"\t\t<div data-elementor-type=\"wp-page\" data-elementor-id=\"1599\" class=\"elementor elementor-1599 elementor-509\" data-elementor-post-type=\"page\">\n\t\t\t\t\t\t<section class=\"elementor-section elementor-top-section elementor-element elementor-element-3d33b14 elementor-section-height-min-height elementor-section-boxed elementor-section-height-default elementor-section-items-middle\" data-id=\"3d33b14\" data-element_type=\"section\" data-settings=\"{&quot;background_background&quot;:&quot;classic&quot;}\">\n\t\t\t\t\t\t\t<div class=\"elementor-background-overlay\"><\/div>\n\t\t\t\t\t\t\t<div class=\"elementor-container elementor-column-gap-default\">\n\t\t\t\t\t<div class=\"elementor-column elementor-col-100 elementor-top-column elementor-element elementor-element-2f2cbec\" data-id=\"2f2cbec\" data-element_type=\"column\">\n\t\t\t<div class=\"elementor-widget-wrap elementor-element-populated\">\n\t\t\t\t\t\t<div class=\"elementor-element elementor-element-6494dce elementor-widget__width-auto elementor-invisible elementor-widget elementor-widget-heading\" data-id=\"6494dce\" data-element_type=\"widget\" data-settings=\"{&quot;_animation&quot;:&quot;fadeInLeft&quot;}\" data-widget_type=\"heading.default\">\n\t\t\t\t<div class=\"elementor-widget-container\">\n\t\t\t\t\t<h1 class=\"elementor-heading-title elementor-size-default\">MACHINES AUTOMATIQUES \u00c0 ROULEAUX DE PEINTURE<\/h1>\t\t\t\t<\/div>\n\t\t\t\t<\/div>\n\t\t\t\t<div class=\"elementor-element elementor-element-7864ca6 elementor-invisible elementor-widget elementor-widget-text-editor\" data-id=\"7864ca6\" data-element_type=\"widget\" data-settings=\"{&quot;_animation&quot;:&quot;fadeIn&quot;,&quot;_animation_delay&quot;:1080}\" data-widget_type=\"text-editor.default\">\n\t\t\t\t<div class=\"elementor-widget-container\">\n\t\t\t\t\t\t\t\t\t<p>Nous disposons de machines \u00e0 rouleaux de peinture capables d&rsquo;ins\u00e9rer divers types de manches en plastique. Nos machines sont con\u00e7ues pour fabriquer tous les mod\u00e8les et toutes les dimensions de rouleaux, y compris les rouleaux filet\u00e9s, chanfrein\u00e9s et rainur\u00e9s, garantissant polyvalence et qualit\u00e9 dans chaque produit. Elles se distinguent par leur robustesse et leur facilit\u00e9 d&rsquo;utilisation, ce qui les rend id\u00e9ales pour de multiples applications industrielles.<\/p>\n\t\t\t\t\t\t\t\t<\/div>\n\t\t\t\t<\/div>\n\t\t\t\t\t<\/div>\n\t\t<\/div>\n\t\t\t\t\t<\/div>\n\t\t<\/section>\n\t\t\t\t<section class=\"elementor-section elementor-top-section elementor-element elementor-element-cd10f43 elementor-section-boxed elementor-section-height-default elementor-section-height-default\" data-id=\"cd10f43\" data-element_type=\"section\" data-settings=\"{&quot;background_background&quot;:&quot;classic&quot;}\">\n\t\t\t\t\t\t\t<div class=\"elementor-background-overlay\"><\/div>\n\t\t\t\t\t\t\t<div class=\"elementor-container elementor-column-gap-default\">\n\t\t\t\t\t<div class=\"elementor-column elementor-col-100 elementor-top-column elementor-element elementor-element-257cca8\" data-id=\"257cca8\" data-element_type=\"column\">\n\t\t\t<div class=\"elementor-widget-wrap elementor-element-populated\">\n\t\t\t\t\t\t<div class=\"elementor-element elementor-element-8dcde8c elementor-widget elementor-widget-jet-listing-grid\" data-id=\"8dcde8c\" data-element_type=\"widget\" data-settings=\"{&quot;columns&quot;:&quot;3&quot;,&quot;columns_mobile&quot;:&quot;1&quot;}\" data-widget_type=\"jet-listing-grid.default\">\n\t\t\t\t<div class=\"elementor-widget-container\">\n\t\t\t\t\t<div class=\"jet-listing-grid jet-listing\"><div class=\"jet-listing-grid__items grid-col-desk-3 grid-col-tablet-3 grid-col-mobile-1 jet-listing-grid--229\" data-queried-id=\"1599|WP_Post\" data-nav=\"{&quot;enabled&quot;:false,&quot;type&quot;:null,&quot;more_el&quot;:null,&quot;query&quot;:[],&quot;widget_settings&quot;:{&quot;lisitng_id&quot;:229,&quot;posts_num&quot;:6,&quot;columns&quot;:3,&quot;columns_tablet&quot;:3,&quot;columns_mobile&quot;:1,&quot;column_min_width&quot;:240,&quot;column_min_width_tablet&quot;:240,&quot;column_min_width_mobile&quot;:240,&quot;inline_columns_css&quot;:false,&quot;is_archive_template&quot;:&quot;&quot;,&quot;post_status&quot;:[&quot;publish&quot;],&quot;use_random_posts_num&quot;:&quot;&quot;,&quot;max_posts_num&quot;:9,&quot;not_found_message&quot;:&quot;No data was found&quot;,&quot;is_masonry&quot;:false,&quot;equal_columns_height&quot;:&quot;&quot;,&quot;use_load_more&quot;:&quot;&quot;,&quot;load_more_id&quot;:&quot;&quot;,&quot;load_more_type&quot;:&quot;click&quot;,&quot;load_more_offset&quot;:{&quot;unit&quot;:&quot;px&quot;,&quot;size&quot;:0,&quot;sizes&quot;:[]},&quot;use_custom_post_types&quot;:&quot;&quot;,&quot;custom_post_types&quot;:[],&quot;hide_widget_if&quot;:&quot;&quot;,&quot;carousel_enabled&quot;:&quot;&quot;,&quot;slides_to_scroll&quot;:&quot;1&quot;,&quot;arrows&quot;:&quot;true&quot;,&quot;arrow_icon&quot;:&quot;fa fa-angle-left&quot;,&quot;dots&quot;:&quot;&quot;,&quot;autoplay&quot;:&quot;true&quot;,&quot;pause_on_hover&quot;:&quot;true&quot;,&quot;autoplay_speed&quot;:5000,&quot;infinite&quot;:&quot;true&quot;,&quot;center_mode&quot;:&quot;&quot;,&quot;effect&quot;:&quot;slide&quot;,&quot;speed&quot;:500,&quot;inject_alternative_items&quot;:&quot;&quot;,&quot;injection_items&quot;:[],&quot;scroll_slider_enabled&quot;:&quot;&quot;,&quot;scroll_slider_on&quot;:[&quot;desktop&quot;,&quot;tablet&quot;,&quot;mobile&quot;],&quot;custom_query&quot;:false,&quot;custom_query_id&quot;:&quot;&quot;,&quot;_element_id&quot;:&quot;&quot;,&quot;collapse_first_last_gap&quot;:false,&quot;list_tag_selection&quot;:&quot;&quot;,&quot;list_items_wrapper_tag&quot;:&quot;div&quot;,&quot;list_item_tag&quot;:&quot;div&quot;,&quot;empty_items_wrapper_tag&quot;:&quot;div&quot;}}\" data-page=\"1\" data-pages=\"1\" data-listing-source=\"posts\" data-listing-id=\"229\" data-query-id=\"\"><div class=\"jet-listing-grid__item jet-listing-dynamic-post-1659\" data-post-id=\"1659\"  >\t\t<div data-elementor-type=\"jet-listing-items\" data-elementor-id=\"2147\" class=\"elementor elementor-2147 elementor-229\" data-elementor-post-type=\"jet-engine\">\n\t\t\t\t<div class=\"elementor-element elementor-element-cc0d529 e-flex e-con-boxed e-con e-parent\" data-id=\"cc0d529\" data-element_type=\"container\" data-settings=\"{&quot;background_background&quot;:&quot;classic&quot;}\">\n\t\t\t\t\t<div class=\"e-con-inner\">\n\t\t<div class=\"elementor-element elementor-element-6629b01 e-con-full e-flex elementor-invisible e-con e-child\" data-id=\"6629b01\" data-element_type=\"container\" data-settings=\"{&quot;animation&quot;:&quot;fadeInUp&quot;}\">\n\t\t\t\t<div class=\"elementor-element elementor-element-f94418a elementor-widget elementor-widget-image\" data-id=\"f94418a\" data-element_type=\"widget\" data-widget_type=\"image.default\">\n\t\t\t\t<div class=\"elementor-widget-container\">\n\t\t\t\t\t\t\t\t\t\t\t\t\t\t\t<img fetchpriority=\"high\" decoding=\"async\" width=\"2560\" height=\"1072\" src=\"https:\/\/reivaxmaquinas.com\/wp-content\/uploads\/2025\/05\/FOTO-MAQUINA-MR-8-M-CON-PIEZAS-scaled.jpg\" class=\"attachment-full size-full wp-image-2143\" alt=\"\" srcset=\"https:\/\/reivaxmaquinas.com\/wp-content\/uploads\/2025\/05\/FOTO-MAQUINA-MR-8-M-CON-PIEZAS-scaled.jpg 2560w, https:\/\/reivaxmaquinas.com\/wp-content\/uploads\/2025\/05\/FOTO-MAQUINA-MR-8-M-CON-PIEZAS-300x126.jpg 300w, https:\/\/reivaxmaquinas.com\/wp-content\/uploads\/2025\/05\/FOTO-MAQUINA-MR-8-M-CON-PIEZAS-1024x429.jpg 1024w, https:\/\/reivaxmaquinas.com\/wp-content\/uploads\/2025\/05\/FOTO-MAQUINA-MR-8-M-CON-PIEZAS-768x321.jpg 768w, https:\/\/reivaxmaquinas.com\/wp-content\/uploads\/2025\/05\/FOTO-MAQUINA-MR-8-M-CON-PIEZAS-1536x643.jpg 1536w, https:\/\/reivaxmaquinas.com\/wp-content\/uploads\/2025\/05\/FOTO-MAQUINA-MR-8-M-CON-PIEZAS-2048x857.jpg 2048w\" sizes=\"(max-width: 2560px) 100vw, 2560px\" \/>\t\t\t\t\t\t\t\t\t\t\t\t\t\t\t<\/div>\n\t\t\t\t<\/div>\n\t\t<div class=\"elementor-element elementor-element-2a57084 e-flex e-con-boxed e-con e-child\" data-id=\"2a57084\" data-element_type=\"container\">\n\t\t\t\t\t<div class=\"e-con-inner\">\n\t\t\t\t<div class=\"elementor-element elementor-element-0930012 elementor-widget elementor-widget-heading\" data-id=\"0930012\" data-element_type=\"widget\" data-widget_type=\"heading.default\">\n\t\t\t\t<div class=\"elementor-widget-container\">\n\t\t\t\t\t<h2 class=\"elementor-heading-title elementor-size-default\">MR-8-M<\/h2>\t\t\t\t<\/div>\n\t\t\t\t<\/div>\n\t\t\t\t<div class=\"elementor-element elementor-element-16caa7f elementor-widget elementor-widget-heading\" data-id=\"16caa7f\" data-element_type=\"widget\" data-widget_type=\"heading.default\">\n\t\t\t\t<div class=\"elementor-widget-container\">\n\t\t\t\t\t<h3 class=\"elementor-heading-title elementor-size-default\">MACHINE AUTOMATIQUE POUR LA FABRICATION DE ROULEAUX DE PEINTURE AVEC INSERTION DE MANCHES<\/h3>\t\t\t\t<\/div>\n\t\t\t\t<\/div>\n\t\t\t\t<div class=\"elementor-element elementor-element-e291842 elementor-absolute elementor-widget elementor-widget-button\" data-id=\"e291842\" data-element_type=\"widget\" data-settings=\"{&quot;_position&quot;:&quot;absolute&quot;}\" data-widget_type=\"button.default\">\n\t\t\t\t<div class=\"elementor-widget-container\">\n\t\t\t\t\t\t\t\t\t<div class=\"elementor-button-wrapper\">\n\t\t\t\t\t<a class=\"elementor-button elementor-button-link elementor-size-sm\" href=\"https:\/\/reivaxmaquinas.com\/fr\/maquinas\/mr-8-m\/\">\n\t\t\t\t\t\t<span class=\"elementor-button-content-wrapper\">\n\t\t\t\t\t\t\t\t\t<span class=\"elementor-button-text\">Voir la machine<\/span>\n\t\t\t\t\t<\/span>\n\t\t\t\t\t<\/a>\n\t\t\t\t<\/div>\n\t\t\t\t\t\t\t\t<\/div>\n\t\t\t\t<\/div>\n\t\t\t\t\t<\/div>\n\t\t\t\t<\/div>\n\t\t\t\t<\/div>\n\t\t\t\t\t<\/div>\n\t\t\t\t<\/div>\n\t\t\t\t<\/div>\n\t\t<\/div><div class=\"jet-listing-grid__item jet-listing-dynamic-post-1658\" data-post-id=\"1658\"  >\t\t<div data-elementor-type=\"jet-listing-items\" data-elementor-id=\"2147\" class=\"elementor elementor-2147 elementor-229\" data-elementor-post-type=\"jet-engine\">\n\t\t\t\t<div class=\"elementor-element elementor-element-cc0d529 e-flex e-con-boxed e-con e-parent\" data-id=\"cc0d529\" data-element_type=\"container\" data-settings=\"{&quot;background_background&quot;:&quot;classic&quot;}\">\n\t\t\t\t\t<div class=\"e-con-inner\">\n\t\t<div class=\"elementor-element elementor-element-6629b01 e-con-full e-flex elementor-invisible e-con e-child\" data-id=\"6629b01\" data-element_type=\"container\" data-settings=\"{&quot;animation&quot;:&quot;fadeInUp&quot;}\">\n\t\t\t\t<div class=\"elementor-element elementor-element-f94418a elementor-widget elementor-widget-image\" data-id=\"f94418a\" data-element_type=\"widget\" data-widget_type=\"image.default\">\n\t\t\t\t<div class=\"elementor-widget-container\">\n\t\t\t\t\t\t\t\t\t\t\t\t\t\t\t<img decoding=\"async\" width=\"813\" height=\"390\" src=\"https:\/\/reivaxmaquinas.com\/wp-content\/uploads\/2024\/07\/ReivaxMaquinas_MR-81-e1720169400899.jpg\" class=\"attachment-full size-full wp-image-1391\" alt=\"\" srcset=\"https:\/\/reivaxmaquinas.com\/wp-content\/uploads\/2024\/07\/ReivaxMaquinas_MR-81-e1720169400899.jpg 813w, https:\/\/reivaxmaquinas.com\/wp-content\/uploads\/2024\/07\/ReivaxMaquinas_MR-81-e1720169400899-300x144.jpg 300w, https:\/\/reivaxmaquinas.com\/wp-content\/uploads\/2024\/07\/ReivaxMaquinas_MR-81-e1720169400899-768x368.jpg 768w\" sizes=\"(max-width: 813px) 100vw, 813px\" \/>\t\t\t\t\t\t\t\t\t\t\t\t\t\t\t<\/div>\n\t\t\t\t<\/div>\n\t\t<div class=\"elementor-element elementor-element-2a57084 e-flex e-con-boxed e-con e-child\" data-id=\"2a57084\" data-element_type=\"container\">\n\t\t\t\t\t<div class=\"e-con-inner\">\n\t\t\t\t<div class=\"elementor-element elementor-element-0930012 elementor-widget elementor-widget-heading\" data-id=\"0930012\" data-element_type=\"widget\" data-widget_type=\"heading.default\">\n\t\t\t\t<div class=\"elementor-widget-container\">\n\t\t\t\t\t<h2 class=\"elementor-heading-title elementor-size-default\">MR-8<\/h2>\t\t\t\t<\/div>\n\t\t\t\t<\/div>\n\t\t\t\t<div class=\"elementor-element elementor-element-16caa7f elementor-widget elementor-widget-heading\" data-id=\"16caa7f\" data-element_type=\"widget\" data-widget_type=\"heading.default\">\n\t\t\t\t<div class=\"elementor-widget-container\">\n\t\t\t\t\t<h3 class=\"elementor-heading-title elementor-size-default\">MACHINE AUTOMATIQUE POUR LA FABRICATION DE ROULEAUX DE PEINTURE<\/h3>\t\t\t\t<\/div>\n\t\t\t\t<\/div>\n\t\t\t\t<div class=\"elementor-element elementor-element-e291842 elementor-absolute elementor-widget elementor-widget-button\" data-id=\"e291842\" data-element_type=\"widget\" data-settings=\"{&quot;_position&quot;:&quot;absolute&quot;}\" data-widget_type=\"button.default\">\n\t\t\t\t<div class=\"elementor-widget-container\">\n\t\t\t\t\t\t\t\t\t<div class=\"elementor-button-wrapper\">\n\t\t\t\t\t<a class=\"elementor-button elementor-button-link elementor-size-sm\" href=\"https:\/\/reivaxmaquinas.com\/fr\/maquinas\/mr-8\/\">\n\t\t\t\t\t\t<span class=\"elementor-button-content-wrapper\">\n\t\t\t\t\t\t\t\t\t<span class=\"elementor-button-text\">Voir la machine<\/span>\n\t\t\t\t\t<\/span>\n\t\t\t\t\t<\/a>\n\t\t\t\t<\/div>\n\t\t\t\t\t\t\t\t<\/div>\n\t\t\t\t<\/div>\n\t\t\t\t\t<\/div>\n\t\t\t\t<\/div>\n\t\t\t\t<\/div>\n\t\t\t\t\t<\/div>\n\t\t\t\t<\/div>\n\t\t\t\t<\/div>\n\t\t<\/div><\/div><\/div>\t\t\t\t<\/div>\n\t\t\t\t<\/div>\n\t\t\t\t\t<\/div>\n\t\t<\/div>\n\t\t\t\t\t<\/div>\n\t\t<\/section>\n\t\t\t\t<section class=\"elementor-section elementor-top-section elementor-element elementor-element-aa5f990 elementor-section-full_width elementor-section-height-min-height elementor-section-height-default elementor-section-items-middle\" data-id=\"aa5f990\" data-element_type=\"section\" data-settings=\"{&quot;background_background&quot;:&quot;classic&quot;}\">\n\t\t\t\t\t\t\t<div class=\"elementor-background-overlay\"><\/div>\n\t\t\t\t\t\t\t<div class=\"elementor-container elementor-column-gap-default\">\n\t\t\t\t\t<div class=\"elementor-column elementor-col-100 elementor-top-column elementor-element elementor-element-258d9a5 elementor-invisible\" data-id=\"258d9a5\" data-element_type=\"column\" data-settings=\"{&quot;animation&quot;:&quot;fadeIn&quot;,&quot;animation_delay&quot;:360}\">\n\t\t\t<div class=\"elementor-widget-wrap elementor-element-populated\">\n\t\t\t\t\t\t<div class=\"elementor-element elementor-element-c0e33a9 elementor-widget elementor-widget-heading\" data-id=\"c0e33a9\" data-element_type=\"widget\" data-widget_type=\"heading.default\">\n\t\t\t\t<div class=\"elementor-widget-container\">\n\t\t\t\t\t<h2 class=\"elementor-heading-title elementor-size-default\">Contactez nos experts pour discuter de vos besoins sp\u00e9cifiques et obtenir un devis personnalis\u00e9.<\/h2>\t\t\t\t<\/div>\n\t\t\t\t<\/div>\n\t\t\t\t<div class=\"elementor-element elementor-element-882c18d elementor-align-center elementor-widget elementor-widget-button\" data-id=\"882c18d\" data-element_type=\"widget\" data-widget_type=\"button.default\">\n\t\t\t\t<div class=\"elementor-widget-container\">\n\t\t\t\t\t\t\t\t\t<div class=\"elementor-button-wrapper\">\n\t\t\t\t\t<a class=\"elementor-button elementor-button-link elementor-size-sm\" href=\"https:\/\/reivaxmaquinas.com\/fr\/contact\/\">\n\t\t\t\t\t\t<span class=\"elementor-button-content-wrapper\">\n\t\t\t\t\t\t\t\t\t<span class=\"elementor-button-text\">Contacter<\/span>\n\t\t\t\t\t<\/span>\n\t\t\t\t\t<\/a>\n\t\t\t\t<\/div>\n\t\t\t\t\t\t\t\t<\/div>\n\t\t\t\t<\/div>\n\t\t\t\t\t<\/div>\n\t\t<\/div>\n\t\t\t\t\t<\/div>\n\t\t<\/section>\n\t\t\t\t<\/div>\n\t\t","protected":false},"excerpt":{"rendered":"<p>MACHINES AUTOMATIQUES \u00c0 ROULEAUX DE PEINTURE Nous disposons de machines \u00e0 rouleaux de peinture capables d&rsquo;ins\u00e9rer divers types de manches en plastique. Nos machines sont con\u00e7ues pour fabriquer tous les mod\u00e8les et toutes les dimensions de rouleaux, y compris les rouleaux filet\u00e9s, chanfrein\u00e9s et rainur\u00e9s, garantissant polyvalence et qualit\u00e9 dans chaque produit. Elles se distinguent [&hellip;]<\/p>\n","protected":false},"author":1,"featured_media":0,"parent":1575,"menu_order":0,"comment_status":"closed","ping_status":"closed","template":"elementor_header_footer","meta":{"inline_featured_image":false,"_joinchat":[],"footnotes":""},"class_list":["post-1599","page","type-page","status-publish","hentry"],"yoast_head":"<!-- This site is optimized with the Yoast SEO Premium plugin v26.7 (Yoast SEO v26.7) - https:\/\/yoast.com\/wordpress\/plugins\/seo\/ -->\n<title>Machines automatiques \u00e0 rouleaux de peinture - REIVAX MAQUINAS<\/title>\n<meta name=\"robots\" content=\"index, follow, max-snippet:-1, max-image-preview:large, max-video-preview:-1\" \/>\n<link rel=\"canonical\" href=\"https:\/\/reivaxmaquinas.com\/nuestras-maquinas\/maquinas-de-rodillos-de-pintar\/\" \/>\n<meta property=\"og:locale\" content=\"fr_FR\" \/>\n<meta property=\"og:type\" content=\"article\" \/>\n<meta property=\"og:title\" content=\"Machines automatiques \u00e0 rouleaux de peinture\" \/>\n<meta property=\"og:description\" content=\"MACHINES AUTOMATIQUES \u00c0 ROULEAUX DE PEINTURE Nous disposons de machines \u00e0 rouleaux de peinture capables d&rsquo;ins\u00e9rer divers types de manches en plastique. Nos machines sont con\u00e7ues pour fabriquer tous les mod\u00e8les et toutes les dimensions de rouleaux, y compris les rouleaux filet\u00e9s, chanfrein\u00e9s et rainur\u00e9s, garantissant polyvalence et qualit\u00e9 dans chaque produit. Elles se distinguent [&hellip;]\" \/>\n<meta property=\"og:url\" content=\"https:\/\/reivaxmaquinas.com\/nuestras-maquinas\/maquinas-de-rodillos-de-pintar\/\" \/>\n<meta property=\"og:site_name\" content=\"REIVAX MAQUINAS\" \/>\n<meta property=\"article:modified_time\" content=\"2024-07-11T07:43:04+00:00\" \/>\n<meta name=\"twitter:card\" content=\"summary_large_image\" \/>\n<script type=\"application\/ld+json\" class=\"yoast-schema-graph\">{\"@context\":\"https:\/\/schema.org\",\"@graph\":[{\"@type\":\"WebPage\",\"@id\":\"https:\/\/reivaxmaquinas.com\/nuestras-maquinas\/maquinas-de-rodillos-de-pintar\/\",\"url\":\"https:\/\/reivaxmaquinas.com\/nuestras-maquinas\/maquinas-de-rodillos-de-pintar\/\",\"name\":\"Machines automatiques \u00e0 rouleaux de peinture - REIVAX MAQUINAS\",\"isPartOf\":{\"@id\":\"https:\/\/reivaxmaquinas.com\/#website\"},\"datePublished\":\"2024-06-27T09:27:05+00:00\",\"dateModified\":\"2024-07-11T07:43:04+00:00\",\"breadcrumb\":{\"@id\":\"https:\/\/reivaxmaquinas.com\/nuestras-maquinas\/maquinas-de-rodillos-de-pintar\/#breadcrumb\"},\"inLanguage\":\"fr-FR\",\"potentialAction\":[{\"@type\":\"ReadAction\",\"target\":[\"https:\/\/reivaxmaquinas.com\/nuestras-maquinas\/maquinas-de-rodillos-de-pintar\/\"]}]},{\"@type\":\"BreadcrumbList\",\"@id\":\"https:\/\/reivaxmaquinas.com\/nuestras-maquinas\/maquinas-de-rodillos-de-pintar\/#breadcrumb\",\"itemListElement\":[{\"@type\":\"ListItem\",\"position\":1,\"name\":\"Portada\",\"item\":\"https:\/\/reivaxmaquinas.com\/\"},{\"@type\":\"ListItem\",\"position\":2,\"name\":\"Nos machines\",\"item\":\"https:\/\/reivaxmaquinas.com\/nuestras-maquinas\/\"},{\"@type\":\"ListItem\",\"position\":3,\"name\":\"Machines automatiques \u00e0 rouleaux de peinture\"}]},{\"@type\":\"WebSite\",\"@id\":\"https:\/\/reivaxmaquinas.com\/#website\",\"url\":\"https:\/\/reivaxmaquinas.com\/\",\"name\":\"REIVAX MAQUINAS\",\"description\":\"\",\"publisher\":{\"@id\":\"https:\/\/reivaxmaquinas.com\/#organization\"},\"potentialAction\":[{\"@type\":\"SearchAction\",\"target\":{\"@type\":\"EntryPoint\",\"urlTemplate\":\"https:\/\/reivaxmaquinas.com\/?s={search_term_string}\"},\"query-input\":{\"@type\":\"PropertyValueSpecification\",\"valueRequired\":true,\"valueName\":\"search_term_string\"}}],\"inLanguage\":\"fr-FR\"},{\"@type\":\"Organization\",\"@id\":\"https:\/\/reivaxmaquinas.com\/#organization\",\"name\":\"REIVAX MAQUINAS\",\"url\":\"https:\/\/reivaxmaquinas.com\/\",\"logo\":{\"@type\":\"ImageObject\",\"inLanguage\":\"fr-FR\",\"@id\":\"https:\/\/reivaxmaquinas.com\/#\/schema\/logo\/image\/\",\"url\":\"https:\/\/reivaxmaquinas.com\/wp-content\/uploads\/2024\/05\/LOGO_REIVAX_MAQUINAS_ESPANOL-removebg-preview-1.png\",\"contentUrl\":\"https:\/\/reivaxmaquinas.com\/wp-content\/uploads\/2024\/05\/LOGO_REIVAX_MAQUINAS_ESPANOL-removebg-preview-1.png\",\"width\":947,\"height\":263,\"caption\":\"REIVAX MAQUINAS\"},\"image\":{\"@id\":\"https:\/\/reivaxmaquinas.com\/#\/schema\/logo\/image\/\"}}]}<\/script>\n<!-- \/ Yoast SEO Premium plugin. -->","yoast_head_json":{"title":"Machines automatiques \u00e0 rouleaux de peinture - REIVAX MAQUINAS","robots":{"index":"index","follow":"follow","max-snippet":"max-snippet:-1","max-image-preview":"max-image-preview:large","max-video-preview":"max-video-preview:-1"},"canonical":"https:\/\/reivaxmaquinas.com\/nuestras-maquinas\/maquinas-de-rodillos-de-pintar\/","og_locale":"fr_FR","og_type":"article","og_title":"Machines automatiques \u00e0 rouleaux de peinture","og_description":"MACHINES AUTOMATIQUES \u00c0 ROULEAUX DE PEINTURE Nous disposons de machines \u00e0 rouleaux de peinture capables d&rsquo;ins\u00e9rer divers types de manches en plastique. Nos machines sont con\u00e7ues pour fabriquer tous les mod\u00e8les et toutes les dimensions de rouleaux, y compris les rouleaux filet\u00e9s, chanfrein\u00e9s et rainur\u00e9s, garantissant polyvalence et qualit\u00e9 dans chaque produit. Elles se distinguent [&hellip;]","og_url":"https:\/\/reivaxmaquinas.com\/nuestras-maquinas\/maquinas-de-rodillos-de-pintar\/","og_site_name":"REIVAX MAQUINAS","article_modified_time":"2024-07-11T07:43:04+00:00","twitter_card":"summary_large_image","schema":{"@context":"https:\/\/schema.org","@graph":[{"@type":"WebPage","@id":"https:\/\/reivaxmaquinas.com\/nuestras-maquinas\/maquinas-de-rodillos-de-pintar\/","url":"https:\/\/reivaxmaquinas.com\/nuestras-maquinas\/maquinas-de-rodillos-de-pintar\/","name":"Machines automatiques \u00e0 rouleaux de peinture - REIVAX MAQUINAS","isPartOf":{"@id":"https:\/\/reivaxmaquinas.com\/#website"},"datePublished":"2024-06-27T09:27:05+00:00","dateModified":"2024-07-11T07:43:04+00:00","breadcrumb":{"@id":"https:\/\/reivaxmaquinas.com\/nuestras-maquinas\/maquinas-de-rodillos-de-pintar\/#breadcrumb"},"inLanguage":"fr-FR","potentialAction":[{"@type":"ReadAction","target":["https:\/\/reivaxmaquinas.com\/nuestras-maquinas\/maquinas-de-rodillos-de-pintar\/"]}]},{"@type":"BreadcrumbList","@id":"https:\/\/reivaxmaquinas.com\/nuestras-maquinas\/maquinas-de-rodillos-de-pintar\/#breadcrumb","itemListElement":[{"@type":"ListItem","position":1,"name":"Portada","item":"https:\/\/reivaxmaquinas.com\/"},{"@type":"ListItem","position":2,"name":"Nos machines","item":"https:\/\/reivaxmaquinas.com\/nuestras-maquinas\/"},{"@type":"ListItem","position":3,"name":"Machines automatiques \u00e0 rouleaux de peinture"}]},{"@type":"WebSite","@id":"https:\/\/reivaxmaquinas.com\/#website","url":"https:\/\/reivaxmaquinas.com\/","name":"REIVAX MAQUINAS","description":"","publisher":{"@id":"https:\/\/reivaxmaquinas.com\/#organization"},"potentialAction":[{"@type":"SearchAction","target":{"@type":"EntryPoint","urlTemplate":"https:\/\/reivaxmaquinas.com\/?s={search_term_string}"},"query-input":{"@type":"PropertyValueSpecification","valueRequired":true,"valueName":"search_term_string"}}],"inLanguage":"fr-FR"},{"@type":"Organization","@id":"https:\/\/reivaxmaquinas.com\/#organization","name":"REIVAX MAQUINAS","url":"https:\/\/reivaxmaquinas.com\/","logo":{"@type":"ImageObject","inLanguage":"fr-FR","@id":"https:\/\/reivaxmaquinas.com\/#\/schema\/logo\/image\/","url":"https:\/\/reivaxmaquinas.com\/wp-content\/uploads\/2024\/05\/LOGO_REIVAX_MAQUINAS_ESPANOL-removebg-preview-1.png","contentUrl":"https:\/\/reivaxmaquinas.com\/wp-content\/uploads\/2024\/05\/LOGO_REIVAX_MAQUINAS_ESPANOL-removebg-preview-1.png","width":947,"height":263,"caption":"REIVAX MAQUINAS"},"image":{"@id":"https:\/\/reivaxmaquinas.com\/#\/schema\/logo\/image\/"}}]}},"_links":{"self":[{"href":"https:\/\/reivaxmaquinas.com\/fr\/wp-json\/wp\/v2\/pages\/1599","targetHints":{"allow":["GET"]}}],"collection":[{"href":"https:\/\/reivaxmaquinas.com\/fr\/wp-json\/wp\/v2\/pages"}],"about":[{"href":"https:\/\/reivaxmaquinas.com\/fr\/wp-json\/wp\/v2\/types\/page"}],"author":[{"embeddable":true,"href":"https:\/\/reivaxmaquinas.com\/fr\/wp-json\/wp\/v2\/users\/1"}],"replies":[{"embeddable":true,"href":"https:\/\/reivaxmaquinas.com\/fr\/wp-json\/wp\/v2\/comments?post=1599"}],"version-history":[{"count":0,"href":"https:\/\/reivaxmaquinas.com\/fr\/wp-json\/wp\/v2\/pages\/1599\/revisions"}],"up":[{"embeddable":true,"href":"https:\/\/reivaxmaquinas.com\/fr\/wp-json\/wp\/v2\/pages\/1575"}],"wp:attachment":[{"href":"https:\/\/reivaxmaquinas.com\/fr\/wp-json\/wp\/v2\/media?parent=1599"}],"curies":[{"name":"wp","href":"https:\/\/api.w.org\/{rel}","templated":true}]}}